{"id":390,"date":"2025-08-12T01:22:35","date_gmt":"2025-08-12T01:22:35","guid":{"rendered":"https:\/\/organikooficial.com\/about\/"},"modified":"2025-09-26T21:12:40","modified_gmt":"2025-09-26T21:12:40","slug":"nosotros","status":"publish","type":"page","link":"https:\/\/organikooficial.com\/?page_id=390","title":{"rendered":"Nosotros"},"content":{"rendered":"\t\t<div data-elementor-type=\"wp-page\" data-elementor-id=\"390\" class=\"elementor elementor-390\" data-elementor-post-type=\"page\">\n\t\t\t\t<div class=\"elementor-element elementor-element-cbf78c9 e-flex e-con-boxed e-con e-parent\" data-id=\"cbf78c9\" data-element_type=\"container\" data-settings=\"{&quot;background_background&quot;:&quot;classic&quot;}\">\n\t\t\t\t\t<div class=\"e-con-inner\">\n\t\t\t\t<div class=\"elementor-element elementor-element-10a3fdc animated-slow elementor-invisible elementor-widget elementor-widget-text-editor\" data-id=\"10a3fdc\" data-element_type=\"widget\" data-settings=\"{&quot;_animation&quot;:&quot;fadeInDown&quot;}\" data-widget_type=\"text-editor.default\">\n\t\t\t\t<div class=\"elementor-widget-container\">\n\t\t\t\t\t\t\t\t\t<p>Nosotros<\/p>\t\t\t\t\t\t\t\t<\/div>\n\t\t\t\t<\/div>\n\t\t\t\t<div class=\"elementor-element elementor-element-257fc76 animated-slow elementor-invisible elementor-widget elementor-widget-heading\" data-id=\"257fc76\" data-element_type=\"widget\" data-settings=\"{&quot;_animation&quot;:&quot;fadeIn&quot;}\" data-widget_type=\"heading.default\">\n\t\t\t\t<div class=\"elementor-widget-container\">\n\t\t\t\t\t<h1 class=\"elementor-heading-title elementor-size-default\">Comprometidos con tu bienestar y tu proyecto de vida.<\/h1>\t\t\t\t<\/div>\n\t\t\t\t<\/div>\n\t\t\t\t\t<\/div>\n\t\t\t\t<\/div>\n\t\t<div class=\"elementor-element elementor-element-28c8738 e-flex e-con-boxed e-con e-parent\" data-id=\"28c8738\" data-element_type=\"container\">\n\t\t\t\t\t<div class=\"e-con-inner\">\n\t\t\t\t<div class=\"elementor-element elementor-element-7d2899e elementor-invisible elementor-widget elementor-widget-heading\" data-id=\"7d2899e\" data-element_type=\"widget\" data-settings=\"{&quot;_animation&quot;:&quot;fadeInDown&quot;}\" data-widget_type=\"heading.default\">\n\t\t\t\t<div class=\"elementor-widget-container\">\n\t\t\t\t\t<h2 class=\"elementor-heading-title elementor-size-default\">Nuestra historia<\/h2>\t\t\t\t<\/div>\n\t\t\t\t<\/div>\n\t\t<div class=\"elementor-element elementor-element-f557098 e-grid e-con-full elementor-invisible e-con e-child\" data-id=\"f557098\" data-element_type=\"container\" data-settings=\"{&quot;animation&quot;:&quot;fadeInUp&quot;}\">\n\t\t\t\t<div class=\"elementor-element elementor-element-b2c7cfb elementor-widget elementor-widget-text-editor\" data-id=\"b2c7cfb\" data-element_type=\"widget\" data-widget_type=\"text-editor.default\">\n\t\t\t\t<div class=\"elementor-widget-container\">\n\t\t\t\t\t\t\t\t\t<p><span class=\"OYPEnA font-feature-liga-off font-feature-clig-off font-feature-calt-off text-decoration-none text-strikethrough-none\">Todo comenz\u00f3 con una necesidad que toc\u00f3 nuestro coraz\u00f3n: buscar soluciones reales cuando la medicina tradicional no nos daba respuestas. Anhel\u00e1bamos una alternativa diferente, algo que no dependiera de qu\u00edmicos, sino de la naturaleza misma, creada por Dios para nuestro bienestar.<\/span><\/p><p><span class=\"OYPEnA font-feature-liga-off font-feature-clig-off font-feature-calt-off text-decoration-none text-strikethrough-none\">Con amor y perseverancia empezamos a experimentar con f\u00f3rmulas naturales. Fueron muchos intentos, pruebas y aprendizajes, hasta que finalmente encontramos soluciones que transformaron nuestra salud y la de quienes m\u00e1s amamos. Fue entonces cuando entendimos que este regalo no pod\u00eda quedarse solo en nuestras manos.<\/span><\/p>\t\t\t\t\t\t\t\t<\/div>\n\t\t\t\t<\/div>\n\t\t\t\t<div class=\"elementor-element elementor-element-8d9441b elementor-widget elementor-widget-text-editor\" data-id=\"8d9441b\" data-element_type=\"widget\" data-widget_type=\"text-editor.default\">\n\t\t\t\t<div class=\"elementor-widget-container\">\n\t\t\t\t\t\t\t\t\t<p><span class=\"OYPEnA font-feature-liga-off font-feature-clig-off font-feature-calt-off text-decoration-none text-strikethrough-none\">Decidimos dar un paso m\u00e1s grande: buscar la ayuda de laboratorios e ingenieros que perfeccionaron nuestras f\u00f3rmulas, llevando esa chispa que Dios puso en nuestro coraz\u00f3n a un nivel profesional. Hoy, cada producto que ofrecemos es el resultado de esa visi\u00f3n y de nuestra fe, porque sabemos que todo lo que tenemos y logramos viene de \u00c9l.<\/span><\/p><p><span class=\"OYPEnA font-feature-liga-off font-feature-clig-off font-feature-calt-off text-decoration-none text-strikethrough-none\">Por eso, en cada testimonio, en cada vida transformada, no dejamos de dar la gloria a Dios. As\u00ed naci\u00f3 este proyecto maravilloso: una misi\u00f3n de vida para mejorar la salud y el bienestar de las personas a trav\u00e9s de las bondades de la naturaleza.<\/span><\/p>\t\t\t\t\t\t\t\t<\/div>\n\t\t\t\t<\/div>\n\t\t\t\t<\/div>\n\t\t\t\t\t<\/div>\n\t\t\t\t<\/div>\n\t\t<div class=\"elementor-element elementor-element-092f064 e-flex e-con-boxed e-con e-parent\" data-id=\"092f064\" data-element_type=\"container\" data-settings=\"{&quot;background_background&quot;:&quot;classic&quot;}\">\n\t\t\t\t\t<div class=\"e-con-inner\">\n\t\t<div class=\"elementor-element elementor-element-b1e9fd1 e-con-full e-flex e-con e-child\" data-id=\"b1e9fd1\" data-element_type=\"container\">\n\t\t\t\t<div class=\"elementor-element elementor-element-fa75a27 elementor-widget elementor-widget-image\" data-id=\"fa75a27\" data-element_type=\"widget\" data-widget_type=\"image.default\">\n\t\t\t\t<div class=\"elementor-widget-container\">\n\t\t\t\t\t\t\t\t\t\t\t\t\t\t\t<img decoding=\"async\" width=\"94\" height=\"92\" src=\"https:\/\/organikooficial.com\/wp-content\/uploads\/2025\/08\/imagen_2025-08-21_221148968.png\" class=\"attachment-full size-full wp-image-789\" alt=\"imagen 2025 08 21 221148968\" \/>\t\t\t\t\t\t\t\t\t\t\t\t\t\t\t<\/div>\n\t\t\t\t<\/div>\n\t\t\t\t<\/div>\n\t\t<div class=\"elementor-element elementor-element-ccbb24e e-con-full e-flex e-con e-child\" data-id=\"ccbb24e\" data-element_type=\"container\">\n\t\t\t\t<div class=\"elementor-element elementor-element-2b75adb elementor-widget elementor-widget-icon-box\" data-id=\"2b75adb\" data-element_type=\"widget\" data-widget_type=\"icon-box.default\">\n\t\t\t\t<div class=\"elementor-widget-container\">\n\t\t\t\t\t\t\t<div class=\"elementor-icon-box-wrapper\">\n\n\t\t\t\n\t\t\t\t\t\t<div class=\"elementor-icon-box-content\">\n\n\t\t\t\t\t\t\t\t\t<h4 class=\"elementor-icon-box-title\">\n\t\t\t\t\t\t<span  >\n\t\t\t\t\t\t\tMisi\u00f3n\t\t\t\t\t\t<\/span>\n\t\t\t\t\t<\/h4>\n\t\t\t\t\n\t\t\t\t\t\t\t\t\t<p class=\"elementor-icon-box-description\">\n\t\t\t\t\t\tNos dedicamos desde el 2020  a mejorar la salud y el bienestar integral de las personas  a trav\u00e9s de productos 100% naturales, inspirados en medicina natural, como una alternativa de tratamiento y acompa\u00f1amos a personas a sanar tanto el cuerpo como el alma desde la ra\u00edz.\t\t\t\t\t<\/p>\n\t\t\t\t\n\t\t\t<\/div>\n\t\t\t\n\t\t<\/div>\n\t\t\t\t\t\t<\/div>\n\t\t\t\t<\/div>\n\t\t\t\t<\/div>\n\t\t<div class=\"elementor-element elementor-element-d65102d e-con-full e-flex e-con e-child\" data-id=\"d65102d\" data-element_type=\"container\">\n\t\t\t\t<div class=\"elementor-element elementor-element-e3aa312 elementor-widget elementor-widget-image\" data-id=\"e3aa312\" data-element_type=\"widget\" data-widget_type=\"image.default\">\n\t\t\t\t<div class=\"elementor-widget-container\">\n\t\t\t\t\t\t\t\t\t\t\t\t\t\t\t<img decoding=\"async\" width=\"94\" height=\"92\" src=\"https:\/\/organikooficial.com\/wp-content\/uploads\/2025\/08\/imagen_2025-08-21_221148968.png\" class=\"attachment-full size-full wp-image-789\" alt=\"imagen 2025 08 21 221148968\" \/>\t\t\t\t\t\t\t\t\t\t\t\t\t\t\t<\/div>\n\t\t\t\t<\/div>\n\t\t\t\t<\/div>\n\t\t<div class=\"elementor-element elementor-element-2d15541 e-con-full e-flex e-con e-child\" data-id=\"2d15541\" data-element_type=\"container\">\n\t\t\t\t<div class=\"elementor-element elementor-element-0c7e4f9 elementor-widget elementor-widget-icon-box\" data-id=\"0c7e4f9\" data-element_type=\"widget\" data-widget_type=\"icon-box.default\">\n\t\t\t\t<div class=\"elementor-widget-container\">\n\t\t\t\t\t\t\t<div class=\"elementor-icon-box-wrapper\">\n\n\t\t\t\n\t\t\t\t\t\t<div class=\"elementor-icon-box-content\">\n\n\t\t\t\t\t\t\t\t\t<h4 class=\"elementor-icon-box-title\">\n\t\t\t\t\t\t<span  >\n\t\t\t\t\t\t\tVisi\u00f3n\t\t\t\t\t\t<\/span>\n\t\t\t\t\t<\/h4>\n\t\t\t\t\n\t\t\t\t\t\t\t\t\t<p class=\"elementor-icon-box-description\">\n\t\t\t\t\t\tSer referentes en salud natural y bienestar integral en los cinco continentes. Expandir  nuestra marca con l\u00edneas de cuidado capilar, corporal y dem\u00e1s productos conscientes. Crear una comunidad consciente y conectada con el poder de la  naturaleza.\t\t\t\t\t<\/p>\n\t\t\t\t\n\t\t\t<\/div>\n\t\t\t\n\t\t<\/div>\n\t\t\t\t\t\t<\/div>\n\t\t\t\t<\/div>\n\t\t\t\t<\/div>\n\t\t\t\t\t<\/div>\n\t\t\t\t<\/div>\n\t\t<div class=\"elementor-element elementor-element-bba33fe e-flex e-con-boxed e-con e-parent\" data-id=\"bba33fe\" data-element_type=\"container\">\n\t\t\t\t\t<div class=\"e-con-inner\">\n\t\t\t\t<div class=\"elementor-element elementor-element-b8148b0 elementor-invisible elementor-widget elementor-widget-heading\" data-id=\"b8148b0\" data-element_type=\"widget\" data-settings=\"{&quot;_animation&quot;:&quot;fadeInDown&quot;}\" data-widget_type=\"heading.default\">\n\t\t\t\t<div class=\"elementor-widget-container\">\n\t\t\t\t\t<h2 class=\"elementor-heading-title elementor-size-default\">Valores corporativos<\/h2>\t\t\t\t<\/div>\n\t\t\t\t<\/div>\n\t\t\t\t<div class=\"elementor-element elementor-element-e9caafe elementor-invisible elementor-widget elementor-widget-text-editor\" data-id=\"e9caafe\" data-element_type=\"widget\" data-settings=\"{&quot;_animation&quot;:&quot;fadeIn&quot;}\" data-widget_type=\"text-editor.default\">\n\t\t\t\t<div class=\"elementor-widget-container\">\n\t\t\t\t\t\t\t\t\t<p><span class=\"OYPEnA font-feature-liga-off font-feature-clig-off font-feature-calt-off text-decoration-none text-strikethrough-none\">En Org\u00e1niko creemos en sanar desde la ra\u00edz, y por eso cada decisi\u00f3n, producto y palabra est\u00e1 guiada por estos pilares:<\/span><\/p>\t\t\t\t\t\t\t\t<\/div>\n\t\t\t\t<\/div>\n\t\t\t\t\t<\/div>\n\t\t\t\t<\/div>\n\t\t<div class=\"elementor-element elementor-element-b2d3dc4 e-con-full e-flex elementor-invisible e-con e-parent\" data-id=\"b2d3dc4\" data-element_type=\"container\" data-settings=\"{&quot;animation&quot;:&quot;fadeIn&quot;}\">\n\t\t<div class=\"elementor-element elementor-element-b909ef4 e-con-full e-flex e-con e-child\" data-id=\"b909ef4\" data-element_type=\"container\">\n\t\t\t\t<div class=\"elementor-element elementor-element-6254463 elementor-widget elementor-widget-image\" data-id=\"6254463\" data-element_type=\"widget\" data-widget_type=\"image.default\">\n\t\t\t\t<div class=\"elementor-widget-container\">\n\t\t\t\t\t\t\t\t\t\t\t\t\t\t\t<img decoding=\"async\" width=\"94\" height=\"92\" src=\"https:\/\/organikooficial.com\/wp-content\/uploads\/2025\/08\/imagen_2025-08-21_221148968.png\" class=\"attachment-full size-full wp-image-789\" alt=\"imagen 2025 08 21 221148968\" \/>\t\t\t\t\t\t\t\t\t\t\t\t\t\t\t<\/div>\n\t\t\t\t<\/div>\n\t\t\t\t<div class=\"elementor-element elementor-element-48f7d28 elementor-widget elementor-widget-icon-box\" data-id=\"48f7d28\" data-element_type=\"widget\" data-widget_type=\"icon-box.default\">\n\t\t\t\t<div class=\"elementor-widget-container\">\n\t\t\t\t\t\t\t<div class=\"elementor-icon-box-wrapper\">\n\n\t\t\t\n\t\t\t\t\t\t<div class=\"elementor-icon-box-content\">\n\n\t\t\t\t\t\t\t\t\t<h3 class=\"elementor-icon-box-title\">\n\t\t\t\t\t\t<span  >\n\t\t\t\t\t\t\tTransparencia\t\t\t\t\t\t<\/span>\n\t\t\t\t\t<\/h3>\n\t\t\t\t\n\t\t\t\t\t\t\t\t\t<p class=\"elementor-icon-box-description\">\n\t\t\t\t\t\tTe mostramos lo que somos, lo que contienen nuestros productos y c\u00f3mo pueden ayudarte. Sin  letras peque\u00f1as, solo verdad natural.\t\t\t\t\t<\/p>\n\t\t\t\t\n\t\t\t<\/div>\n\t\t\t\n\t\t<\/div>\n\t\t\t\t\t\t<\/div>\n\t\t\t\t<\/div>\n\t\t\t\t<\/div>\n\t\t<div class=\"elementor-element elementor-element-fa63731 e-con-full e-flex e-con e-child\" data-id=\"fa63731\" data-element_type=\"container\">\n\t\t\t\t<div class=\"elementor-element elementor-element-412e0bf elementor-widget elementor-widget-image\" data-id=\"412e0bf\" data-element_type=\"widget\" data-widget_type=\"image.default\">\n\t\t\t\t<div class=\"elementor-widget-container\">\n\t\t\t\t\t\t\t\t\t\t\t\t\t\t\t<img decoding=\"async\" width=\"94\" height=\"92\" src=\"https:\/\/organikooficial.com\/wp-content\/uploads\/2025\/08\/imagen_2025-08-21_221148968.png\" class=\"attachment-full size-full wp-image-789\" alt=\"imagen 2025 08 21 221148968\" \/>\t\t\t\t\t\t\t\t\t\t\t\t\t\t\t<\/div>\n\t\t\t\t<\/div>\n\t\t\t\t<div class=\"elementor-element elementor-element-6b69903 elementor-widget elementor-widget-icon-box\" data-id=\"6b69903\" data-element_type=\"widget\" data-widget_type=\"icon-box.default\">\n\t\t\t\t<div class=\"elementor-widget-container\">\n\t\t\t\t\t\t\t<div class=\"elementor-icon-box-wrapper\">\n\n\t\t\t\n\t\t\t\t\t\t<div class=\"elementor-icon-box-content\">\n\n\t\t\t\t\t\t\t\t\t<h3 class=\"elementor-icon-box-title\">\n\t\t\t\t\t\t<span  >\n\t\t\t\t\t\t\tResponsabilidad\t\t\t\t\t\t<\/span>\n\t\t\t\t\t<\/h3>\n\t\t\t\t\n\t\t\t\t\t\t\t\t\t<p class=\"elementor-icon-box-description\">\n\t\t\t\t\t\tSabemos que estamos acompa\u00f1ando procesos de salud y bienestar, por eso actuamos con compromiso, \u00e9tica y amor en cada paso.\t\t\t\t\t<\/p>\n\t\t\t\t\n\t\t\t<\/div>\n\t\t\t\n\t\t<\/div>\n\t\t\t\t\t\t<\/div>\n\t\t\t\t<\/div>\n\t\t\t\t<\/div>\n\t\t<div class=\"elementor-element elementor-element-124aa6f e-con-full e-flex e-con e-child\" data-id=\"124aa6f\" data-element_type=\"container\">\n\t\t\t\t<div class=\"elementor-element elementor-element-936f869 elementor-widget elementor-widget-image\" data-id=\"936f869\" data-element_type=\"widget\" data-widget_type=\"image.default\">\n\t\t\t\t<div class=\"elementor-widget-container\">\n\t\t\t\t\t\t\t\t\t\t\t\t\t\t\t<img decoding=\"async\" width=\"94\" height=\"92\" src=\"https:\/\/organikooficial.com\/wp-content\/uploads\/2025\/08\/imagen_2025-08-21_221148968.png\" class=\"attachment-full size-full wp-image-789\" alt=\"imagen 2025 08 21 221148968\" \/>\t\t\t\t\t\t\t\t\t\t\t\t\t\t\t<\/div>\n\t\t\t\t<\/div>\n\t\t\t\t<div class=\"elementor-element elementor-element-fbb2159 elementor-widget elementor-widget-icon-box\" data-id=\"fbb2159\" data-element_type=\"widget\" data-widget_type=\"icon-box.default\">\n\t\t\t\t<div class=\"elementor-widget-container\">\n\t\t\t\t\t\t\t<div class=\"elementor-icon-box-wrapper\">\n\n\t\t\t\n\t\t\t\t\t\t<div class=\"elementor-icon-box-content\">\n\n\t\t\t\t\t\t\t\t\t<h3 class=\"elementor-icon-box-title\">\n\t\t\t\t\t\t<span  >\n\t\t\t\t\t\t\tFe\t\t\t\t\t\t<\/span>\n\t\t\t\t\t<\/h3>\n\t\t\t\t\n\t\t\t\t\t\t\t\t\t<p class=\"elementor-icon-box-description\">\n\t\t\t\t\t\t Creemos profundamente en la sabidur\u00eda del cuerpo, en la fuerza de la naturaleza y en los milagros que Dios  hace   cuando cuidamos con intenci\u00f3n y prop\u00f3sito.\t\t\t\t\t<\/p>\n\t\t\t\t\n\t\t\t<\/div>\n\t\t\t\n\t\t<\/div>\n\t\t\t\t\t\t<\/div>\n\t\t\t\t<\/div>\n\t\t\t\t<\/div>\n\t\t<div class=\"elementor-element elementor-element-7a7b527 e-con-full e-flex e-con e-child\" data-id=\"7a7b527\" data-element_type=\"container\">\n\t\t\t\t<div class=\"elementor-element elementor-element-782ff7f elementor-widget elementor-widget-image\" data-id=\"782ff7f\" data-element_type=\"widget\" data-widget_type=\"image.default\">\n\t\t\t\t<div class=\"elementor-widget-container\">\n\t\t\t\t\t\t\t\t\t\t\t\t\t\t\t<img decoding=\"async\" width=\"94\" height=\"92\" src=\"https:\/\/organikooficial.com\/wp-content\/uploads\/2025\/08\/imagen_2025-08-21_221148968.png\" class=\"attachment-full size-full wp-image-789\" alt=\"imagen 2025 08 21 221148968\" \/>\t\t\t\t\t\t\t\t\t\t\t\t\t\t\t<\/div>\n\t\t\t\t<\/div>\n\t\t\t\t<div class=\"elementor-element elementor-element-6d40ba7 elementor-widget elementor-widget-icon-box\" data-id=\"6d40ba7\" data-element_type=\"widget\" data-widget_type=\"icon-box.default\">\n\t\t\t\t<div class=\"elementor-widget-container\">\n\t\t\t\t\t\t\t<div class=\"elementor-icon-box-wrapper\">\n\n\t\t\t\n\t\t\t\t\t\t<div class=\"elementor-icon-box-content\">\n\n\t\t\t\t\t\t\t\t\t<h3 class=\"elementor-icon-box-title\">\n\t\t\t\t\t\t<span  >\n\t\t\t\t\t\t\tNaturalidad\t\t\t\t\t\t<\/span>\n\t\t\t\t\t<\/h3>\n\t\t\t\t\n\t\t\t\t\t\t\t\t\t<p class=\"elementor-icon-box-description\">\n\t\t\t\t\t\tLo que ves es lo que es. Ingredientes reales, sin qu\u00edmicos, sin adornos. Apostamos por lo puro, lo limpio, lo que nutre de verdad.\t\t\t\t\t<\/p>\n\t\t\t\t\n\t\t\t<\/div>\n\t\t\t\n\t\t<\/div>\n\t\t\t\t\t\t<\/div>\n\t\t\t\t<\/div>\n\t\t\t\t<\/div>\n\t\t\t\t<\/div>\n\t\t<div class=\"elementor-element elementor-element-891b872 e-flex e-con-boxed e-con e-parent\" data-id=\"891b872\" data-element_type=\"container\">\n\t\t\t\t\t<div class=\"e-con-inner\">\n\t\t\t\t<div class=\"elementor-element elementor-element-e5ae48b elementor-invisible elementor-widget elementor-widget-text-editor\" data-id=\"e5ae48b\" data-element_type=\"widget\" data-settings=\"{&quot;_animation&quot;:&quot;bounceIn&quot;}\" data-widget_type=\"text-editor.default\">\n\t\t\t\t<div class=\"elementor-widget-container\">\n\t\t\t\t\t\t\t\t\t<p><span class=\"OYPEnA font-feature-liga-off font-feature-clig-off font-feature-calt-off text-decoration-none text-strikethrough-none\"><em><strong>Org\u00e1niko no es solo una marca.<\/strong><\/em> Es una forma de vivir m\u00e1s conscientes, m\u00e1s conectados, m\u00e1s saludables.<\/span><\/p>\t\t\t\t\t\t\t\t<\/div>\n\t\t\t\t<\/div>\n\t\t\t\t\t<\/div>\n\t\t\t\t<\/div>\n\t\t\t\t<\/div>\n\t\t","protected":false},"excerpt":{"rendered":"<p>Nosotros Comprometidos con tu bienestar y tu proyecto de vida. Nuestra historia Todo comenz\u00f3 con una necesidad que toc\u00f3 nuestro [&hellip;]<\/p>\n","protected":false},"author":2,"featured_media":0,"parent":0,"menu_order":0,"comment_status":"closed","ping_status":"closed","template":"","meta":{"site-sidebar-layout":"no-sidebar","site-content-layout":"","ast-site-content-layout":"full-width-container","site-content-style":"unboxed","site-sidebar-style":"default","ast-global-header-display":"","ast-banner-title-visibility":"","ast-main-header-display":"","ast-hfb-above-header-display":"","ast-hfb-below-header-display":"","ast-hfb-mobile-header-display":"","site-post-title":"disabled","ast-breadcrumbs-content":"","ast-featured-img":"disabled","footer-sml-layout":"","theme-transparent-header-meta":"enabled","adv-header-id-meta":"","stick-header-meta":"","header-above-stick-meta":"","header-main-stick-meta":"","header-below-stick-meta":"","astra-migrate-meta-layouts":"default","ast-page-background-enabled":"default","ast-page-background-meta":{"desktop":{"background-color":"var(--ast-global-color-4)","background-image":"","background-repeat":"repeat","background-position":"center center","background-size":"auto","background-attachment":"scroll","background-type":"","background-media":"","overlay-type":"","overlay-color":"","overlay-opacity":"","overlay-gradient":""},"tablet":{"background-color":"","background-image":"","background-repeat":"repeat","background-position":"center center","background-size":"auto","background-attachment":"scroll","background-type":"","background-media":"","overlay-type":"","overlay-color":"","overlay-opacity":"","overlay-gradient":""},"mobile":{"background-color":"","background-image":"","background-repeat":"repeat","background-position":"center center","background-size":"auto","background-attachment":"scroll","background-type":"","background-media":"","overlay-type":"","overlay-color":"","overlay-opacity":"","overlay-gradient":""}},"ast-content-background-meta":{"desktop":{"background-color":"var(--ast-global-color-5)","background-image":"","background-repeat":"repeat","background-position":"center center","background-size":"auto","background-attachment":"scroll","background-type":"","background-media":"","overlay-type":"","overlay-color":"","overlay-opacity":"","overlay-gradient":""},"tablet":{"background-color":"var(--ast-global-color-5)","background-image":"","background-repeat":"repeat","background-position":"center center","background-size":"auto","background-attachment":"scroll","background-type":"","background-media":"","overlay-type":"","overlay-color":"","overlay-opacity":"","overlay-gradient":""},"mobile":{"background-color":"var(--ast-global-color-5)","background-image":"","background-repeat":"repeat","background-position":"center center","background-size":"auto","background-attachment":"scroll","background-type":"","background-media":"","overlay-type":"","overlay-color":"","overlay-opacity":"","overlay-gradient":""}},"footnotes":""},"class_list":["post-390","page","type-page","status-publish","hentry"],"_links":{"self":[{"href":"https:\/\/organikooficial.com\/index.php?rest_route=\/wp\/v2\/pages\/390","targetHints":{"allow":["GET"]}}],"collection":[{"href":"https:\/\/organikooficial.com\/index.php?rest_route=\/wp\/v2\/pages"}],"about":[{"href":"https:\/\/organikooficial.com\/index.php?rest_route=\/wp\/v2\/types\/page"}],"author":[{"embeddable":true,"href":"https:\/\/organikooficial.com\/index.php?rest_route=\/wp\/v2\/users\/2"}],"replies":[{"embeddable":true,"href":"https:\/\/organikooficial.com\/index.php?rest_route=%2Fwp%2Fv2%2Fcomments&post=390"}],"version-history":[{"count":98,"href":"https:\/\/organikooficial.com\/index.php?rest_route=\/wp\/v2\/pages\/390\/revisions"}],"predecessor-version":[{"id":1113,"href":"https:\/\/organikooficial.com\/index.php?rest_route=\/wp\/v2\/pages\/390\/revisions\/1113"}],"wp:attachment":[{"href":"https:\/\/organikooficial.com\/index.php?rest_route=%2Fwp%2Fv2%2Fmedia&parent=390"}],"curies":[{"name":"wp","href":"https:\/\/api.w.org\/{rel}","templated":true}]}}